{"id":62,"date":"2025-02-08T15:48:50","date_gmt":"2025-02-08T15:48:50","guid":{"rendered":"https:\/\/dreamland-charity.com\/?page_id=62"},"modified":"2025-05-01T21:49:23","modified_gmt":"2025-05-01T21:49:23","slug":"datenschutz-2","status":"publish","type":"page","link":"https:\/\/dreamland-charity.com\/en\/datenschutz-2\/","title":{"rendered":"Imprint"},"content":{"rendered":"<div data-elementor-type=\"wp-page\" data-elementor-id=\"62\" class=\"elementor elementor-62\" data-elementor-post-type=\"page\">\n\t\t\t\t<div class=\"elementor-element elementor-element-26df9e8 e-flex e-con-boxed e-con e-parent\" data-id=\"26df9e8\" data-element_type=\"container\" data-e-type=\"container\">\n\t\t\t\t\t<div class=\"e-con-inner\">\n\t\t\t\t<div class=\"elementor-element elementor-element-0c886d0 elementor-widget elementor-widget-html\" data-id=\"0c886d0\" data-element_type=\"widget\" data-e-type=\"widget\" data-widget_type=\"html.default\">\n\t\t\t\t<div class=\"elementor-widget-container\">\n\t\t\t\t\t<script type=\"application\/javascript\"> var UC_UI_SUPPRESS_CMP_DISPLAY=true;<\/script>\t\t\t\t<\/div>\n\t\t\t\t<\/div>\n\t\t<div class=\"elementor-element elementor-element-b71636a e-con-full e-flex e-con e-child\" data-id=\"b71636a\" data-element_type=\"container\" data-e-type=\"container\">\n\t\t<div class=\"elementor-element elementor-element-a5f1e88 e-con-full e-flex e-con e-child\" data-id=\"a5f1e88\" data-element_type=\"container\" data-e-type=\"container\">\n\t\t\t\t<div class=\"elementor-element elementor-element-854a25d elementor-widget elementor-widget-heading\" data-id=\"854a25d\" data-element_type=\"widget\" data-e-type=\"widget\" data-widget_type=\"heading.default\">\n\t\t\t\t<div class=\"elementor-widget-container\">\n\t\t\t\t\t<h2 class=\"elementor-heading-title elementor-size-default\">MY Arts - Transdisziplin\u00e4rer Verein f\u00fcr die kulturelle Unterst\u00fctzung<\/h2>\t\t\t\t<\/div>\n\t\t\t\t<\/div>\n\t\t\t\t<div class=\"elementor-element elementor-element-21e95a0 elementor-widget elementor-widget-text-editor\" data-id=\"21e95a0\" data-element_type=\"widget\" data-e-type=\"widget\" data-widget_type=\"text-editor.default\">\n\t\t\t\t<div class=\"elementor-widget-container\">\n\t\t\t\t\t\t\t\t\t<p>Steiningergasse 22\/3\/3<br \/>1120 Wien<\/p><p><strong>ZVR:<\/strong> 985075233<br \/>Landespolizeidirektion Wien, Referat Vereins-, Versammlungs- und Medienrechtsangelegenheiten<\/p>\t\t\t\t\t\t\t\t<\/div>\n\t\t\t\t<\/div>\n\t\t<div class=\"elementor-element elementor-element-3fa53a7 e-con-full e-flex e-con e-child\" data-id=\"3fa53a7\" data-element_type=\"container\" data-e-type=\"container\">\n\t\t\t\t<div class=\"elementor-element elementor-element-1535c4e elementor-widget__width-initial elementor-widget elementor-widget-icon-box\" data-id=\"1535c4e\" data-element_type=\"widget\" data-e-type=\"widget\" data-widget_type=\"icon-box.default\">\n\t\t\t\t<div class=\"elementor-widget-container\">\n\t\t\t\t\t\t\t<div class=\"elementor-icon-box-wrapper\">\n\n\t\t\t\n\t\t\t\t\t\t<div class=\"elementor-icon-box-content\">\n\n\t\t\t\t\t\t\t\t\t<h3 class=\"elementor-icon-box-title\">\n\t\t\t\t\t\t<span  >\n\t\t\t\t\t\t\tYury Revich\t\t\t\t\t\t<\/span>\n\t\t\t\t\t<\/h3>\n\t\t\t\t\n\t\t\t\t\t\t\t\t\t<p class=\"elementor-icon-box-description\">\n\t\t\t\t\t\tVorstandsvorsitzender\t\t\t\t\t<\/p>\n\t\t\t\t\n\t\t\t<\/div>\n\t\t\t\n\t\t<\/div>\n\t\t\t\t\t\t<\/div>\n\t\t\t\t<\/div>\n\t\t\t\t<div class=\"elementor-element elementor-element-e559e4d elementor-widget__width-initial elementor-widget elementor-widget-icon-box\" data-id=\"e559e4d\" data-element_type=\"widget\" data-e-type=\"widget\" data-widget_type=\"icon-box.default\">\n\t\t\t\t<div class=\"elementor-widget-container\">\n\t\t\t\t\t\t\t<div class=\"elementor-icon-box-wrapper\">\n\n\t\t\t\n\t\t\t\t\t\t<div class=\"elementor-icon-box-content\">\n\n\t\t\t\t\t\t\t\t\t<h3 class=\"elementor-icon-box-title\">\n\t\t\t\t\t\t<span  >\n\t\t\t\t\t\t\tMag. Thomas Neuwerth\t\t\t\t\t\t<\/span>\n\t\t\t\t\t<\/h3>\n\t\t\t\t\n\t\t\t\t\t\t\t\t\t<p class=\"elementor-icon-box-description\">\n\t\t\t\t\t\tFinanzvorstand\t\t\t\t\t<\/p>\n\t\t\t\t\n\t\t\t<\/div>\n\t\t\t\n\t\t<\/div>\n\t\t\t\t\t\t<\/div>\n\t\t\t\t<\/div>\n\t\t\t\t<div class=\"elementor-element elementor-element-62f10fc elementor-widget__width-initial elementor-widget elementor-widget-icon-box\" data-id=\"62f10fc\" data-element_type=\"widget\" data-e-type=\"widget\" data-widget_type=\"icon-box.default\">\n\t\t\t\t<div class=\"elementor-widget-container\">\n\t\t\t\t\t\t\t<div class=\"elementor-icon-box-wrapper\">\n\n\t\t\t\n\t\t\t\t\t\t<div class=\"elementor-icon-box-content\">\n\n\t\t\t\t\t\t\t\t\t<h3 class=\"elementor-icon-box-title\">\n\t\t\t\t\t\t<span  >\n\t\t\t\t\t\t\tYuliya Draganova\t\t\t\t\t\t<\/span>\n\t\t\t\t\t<\/h3>\n\t\t\t\t\n\t\t\t\t\t\t\t\t\t<p class=\"elementor-icon-box-description\">\n\t\t\t\t\t\tOrganisationsvorstand\t\t\t\t\t<\/p>\n\t\t\t\t\n\t\t\t<\/div>\n\t\t\t\n\t\t<\/div>\n\t\t\t\t\t\t<\/div>\n\t\t\t\t<\/div>\n\t\t\t\t<\/div>\n\t\t\t\t<\/div>\n\t\t\t\t<\/div>\n\t\t<div class=\"elementor-element elementor-element-4d1d872 e-con-full e-flex e-con e-child\" data-id=\"4d1d872\" data-element_type=\"container\" data-e-type=\"container\">\n\t\t\t\t<div class=\"elementor-element elementor-element-cb62048 elementor-widget elementor-widget-image\" data-id=\"cb62048\" data-element_type=\"widget\" data-e-type=\"widget\" data-widget_type=\"image.default\">\n\t\t\t\t<div class=\"elementor-widget-container\">\n\t\t\t\t\t\t\t\t\t\t\t\t\t\t\t<img loading=\"lazy\" decoding=\"async\" width=\"747\" height=\"740\" src=\"https:\/\/dreamland-charity.com\/wp-content\/uploads\/2025\/02\/MY-ARTS_Transparent.png\" class=\"attachment-large size-large wp-image-69\" alt=\"\" srcset=\"https:\/\/dreamland-charity.com\/wp-content\/uploads\/2025\/02\/MY-ARTS_Transparent.png 747w, https:\/\/dreamland-charity.com\/wp-content\/uploads\/2025\/02\/MY-ARTS_Transparent-300x297.png 300w, https:\/\/dreamland-charity.com\/wp-content\/uploads\/2025\/02\/MY-ARTS_Transparent-150x150.png 150w\" sizes=\"auto, (max-width: 747px) 100vw, 747px\" \/>\t\t\t\t\t\t\t\t\t\t\t\t\t\t\t<\/div>\n\t\t\t\t<\/div>\n\t\t\t\t<\/div>\n\t\t\t\t\t<\/div>\n\t\t\t\t<\/div>\n\t\t<div class=\"elementor-element elementor-element-9369fe2 e-flex e-con-boxed e-con e-parent\" data-id=\"9369fe2\" data-element_type=\"container\" data-e-type=\"container\">\n\t\t\t\t\t<div class=\"e-con-inner\">\n\t\t<div class=\"elementor-element elementor-element-3a3fdb8 e-con-full e-flex e-con e-child\" data-id=\"3a3fdb8\" data-element_type=\"container\" data-e-type=\"container\">\n\t\t\t\t<div class=\"elementor-element elementor-element-44b93bd elementor-widget elementor-widget-image\" data-id=\"44b93bd\" data-element_type=\"widget\" data-e-type=\"widget\" data-widget_type=\"image.default\">\n\t\t\t\t<div class=\"elementor-widget-container\">\n\t\t\t\t\t\t\t\t\t\t\t\t\t\t\t<img loading=\"lazy\" decoding=\"async\" width=\"800\" height=\"450\" src=\"https:\/\/dreamland-charity.com\/wp-content\/uploads\/2025\/02\/unicef-dreamland-new-logo-Kopie-2-1.png\" class=\"attachment-large size-large wp-image-72\" alt=\"\" srcset=\"https:\/\/dreamland-charity.com\/wp-content\/uploads\/2025\/02\/unicef-dreamland-new-logo-Kopie-2-1.png 1024w, https:\/\/dreamland-charity.com\/wp-content\/uploads\/2025\/02\/unicef-dreamland-new-logo-Kopie-2-1-300x169.png 300w, https:\/\/dreamland-charity.com\/wp-content\/uploads\/2025\/02\/unicef-dreamland-new-logo-Kopie-2-1-768x432.png 768w\" sizes=\"auto, (max-width: 800px) 100vw, 800px\" \/>\t\t\t\t\t\t\t\t\t\t\t\t\t\t\t<\/div>\n\t\t\t\t<\/div>\n\t\t\t\t<\/div>\n\t\t<div class=\"elementor-element elementor-element-41dcc66 e-con-full e-flex e-con e-child\" data-id=\"41dcc66\" data-element_type=\"container\" data-e-type=\"container\">\n\t\t\t\t<div class=\"elementor-element elementor-element-adad469 elementor-widget elementor-widget-heading\" data-id=\"adad469\" data-element_type=\"widget\" data-e-type=\"widget\" data-widget_type=\"heading.default\">\n\t\t\t\t<div class=\"elementor-widget-container\">\n\t\t\t\t\t<h2 class=\"elementor-heading-title elementor-size-default\">mail<\/h2>\t\t\t\t<\/div>\n\t\t\t\t<\/div>\n\t\t\t\t<div class=\"elementor-element elementor-element-fa3b8e5 elementor-widget elementor-widget-heading\" data-id=\"fa3b8e5\" data-element_type=\"widget\" data-e-type=\"widget\" data-widget_type=\"heading.default\">\n\t\t\t\t<div class=\"elementor-widget-container\">\n\t\t\t\t\t<h2 class=\"elementor-heading-title elementor-size-default\">Wir freuen uns <\/br>auf eure  <\/br>Kontaktaufnahme\n<\/h2>\t\t\t\t<\/div>\n\t\t\t\t<\/div>\n\t\t\t\t<div class=\"elementor-element elementor-element-f6ca7d3 elementor-widget elementor-widget-text-editor\" data-id=\"f6ca7d3\" data-element_type=\"widget\" data-e-type=\"widget\" data-widget_type=\"text-editor.default\">\n\t\t\t\t<div class=\"elementor-widget-container\">\n\t\t\t\t\t\t\t\t\t<p>Telefon: +43 660.5216. 001<br \/>E-Mail: office (at) dreamland-charity .com<\/p>\t\t\t\t\t\t\t\t<\/div>\n\t\t\t\t<\/div>\n\t\t\t\t<div class=\"elementor-element elementor-element-49d343e elementor-align-center elementor-widget elementor-widget-button\" data-id=\"49d343e\" data-element_type=\"widget\" data-e-type=\"widget\" data-widget_type=\"button.default\">\n\t\t\t\t<div class=\"elementor-widget-container\">\n\t\t\t\t\t\t\t\t\t<div class=\"elementor-button-wrapper\">\n\t\t\t\t\t<a class=\"elementor-button elementor-button-link elementor-size-sm elementor-animation-grow\" href=\"#contact\">\n\t\t\t\t\t\t<span class=\"elementor-button-content-wrapper\">\n\t\t\t\t\t\t\t\t\t<span class=\"elementor-button-text\">Kontaktformular<\/span>\n\t\t\t\t\t<\/span>\n\t\t\t\t\t<\/a>\n\t\t\t\t<\/div>\n\t\t\t\t\t\t\t\t<\/div>\n\t\t\t\t<\/div>\n\t\t\t\t<\/div>\n\t\t\t\t\t<\/div>\n\t\t\t\t<\/div>\n\t\t<div class=\"elementor-element elementor-element-61ba36a e-flex e-con-boxed e-con e-parent\" data-id=\"61ba36a\" data-element_type=\"container\" data-e-type=\"container\">\n\t\t\t\t\t<div class=\"e-con-inner\">\n\t\t<div class=\"elementor-element elementor-element-460fbed e-con-full e-flex e-con e-child\" data-id=\"460fbed\" data-element_type=\"container\" data-e-type=\"container\">\n\t\t\t\t<div class=\"elementor-element elementor-element-026a739 elementor-widget elementor-widget-heading\" data-id=\"026a739\" data-element_type=\"widget\" data-e-type=\"widget\" data-widget_type=\"heading.default\">\n\t\t\t\t<div class=\"elementor-widget-container\">\n\t\t\t\t\t<h2 class=\"elementor-heading-title elementor-size-default\">impressum<\/h2>\t\t\t\t<\/div>\n\t\t\t\t<\/div>\n\t\t<div class=\"elementor-element elementor-element-1515ef9 e-con-full e-flex e-con e-child\" data-id=\"1515ef9\" data-element_type=\"container\" data-e-type=\"container\">\n\t\t\t\t<div class=\"elementor-element elementor-element-44bf844 elementor-widget elementor-widget-text-editor\" data-id=\"44bf844\" data-element_type=\"widget\" data-e-type=\"widget\" data-widget_type=\"text-editor.default\">\n\t\t\t\t<div class=\"elementor-widget-container\">\n\t\t\t\t\t\t\t\t\t<h2><span style=\"color: #d5ad36;\">Redaktionell verantwortlich<\/span><\/h2><p>Homepage. Einfach. G\u00fcnstig.<br \/>Tino Heinze<br \/>Steiningergasse 22\/3\/3<br \/>1120 Wien<\/p><p>www.homepage-einfach-guenstig.de<\/p><p>\u00a0<\/p><h2><span style=\"color: #d5ad36;\">EU-Streitschlichtung<\/span><\/h2><p>Die Europ\u00e4ische Kommission stellt eine Plattform zur Online-Streitbeilegung (OS) berei<span style=\"color: #333333;\">t:\u00a0<a style=\"color: #333333;\" href=\"https:\/\/ec.europa.eu\/consumers\/odr\/\" target=\"_blank\" rel=\"noopener noreferrer\">https:\/\/ec.europa.eu\/consumers\/odr\/<\/a>.<\/span><br \/>Unsere E-Mail-Adresse finden Sie oben im Impressum.<\/p><p>\u00a0<\/p><h2><span style=\"color: #d5ad36;\">Verbraucher\u00adstreit\u00adbeilegung\/Universal\u00adschlichtungs\u00adstelle<\/span><\/h2><p>Wir nehmen an einem Streitbeilegungsverfahren vor einer Verbraucherschlichtungsstelle teil. Zust\u00e4ndig ist die Universalschlichtungsstelle des Zentrums f\u00fcr Schlichtung e.V., Stra\u00dfburger Stra\u00dfe 8, 77694 Kehl am Rhein <span style=\"color: #333333;\">(<a style=\"color: #333333;\" href=\"https:\/\/www.verbraucher-schlichter.de\/\" target=\"_blank\" rel=\"noopener noreferrer\">https:\/\/www.verbraucher-schlichter.de<\/a>).<\/span><\/p><p>\u00a0<\/p><h2><span style=\"color: #d5ad36;\">Zentrale Kontaktstelle nach dem Digital Services Act &#8211; DSA (Verordnung (EU) 2022\/265)<\/span><\/h2><p>Unsere zentrale Kontaktstelle f\u00fcr Nutzer und Beh\u00f6rden nach Art. 11, 12 DSA erreichen Sie wie folgt:<\/p><p>E-Mail: admin (at) homepage-einfach-guenstig .de<br \/>Telefon: +43 660 5216.001<\/p><p>Sonstige Kontaktwege:<br \/>Kontaktformular auf der Website<br \/>&#8212;<br \/>Contact-Form on this Website<\/p><p>Die f\u00fcr den Kontakt zur Verf\u00fcgung stehenden Sprachen sind: Deutsch, Englisch.<\/p>\t\t\t\t\t\t\t\t<\/div>\n\t\t\t\t<\/div>\n\t\t\t\t<\/div>\n\t\t\t\t<\/div>\n\t\t\t\t\t<\/div>\n\t\t\t\t<\/div>\n\t\t\t\t<\/div>","protected":false},"excerpt":{"rendered":"<p>MY Arts &#8211; Transdisziplin\u00e4rer Verein f\u00fcr die kulturelle Unterst\u00fctzung Steiningergasse 22\/3\/31120 Wien ZVR: 985075233Landespolizeidirektion Wien, Referat Vereins-, Versammlungs- und Medienrechtsangelegenheiten Yury Revich Vorstandsvorsitzender Mag. Thomas Neuwerth Finanzvorstand Yuliya Draganova Organisationsvorstand mail Wir freuen uns auf eure Kontaktaufnahme Telefon: +43 660.5216. 001E-Mail: office (at) dreamland-charity .com Kontaktformular impressum Redaktionell verantwortlich Homepage. Einfach. G\u00fcnstig.Tino HeinzeSteiningergasse 22\/3\/31120 Wien [&hellip;]<\/p>\n","protected":false},"author":1,"featured_media":0,"parent":0,"menu_order":0,"comment_status":"closed","ping_status":"closed","template":"","meta":{"footnotes":""},"class_list":["post-62","page","type-page","status-publish","hentry"],"_links":{"self":[{"href":"https:\/\/dreamland-charity.com\/en\/wp-json\/wp\/v2\/pages\/62","targetHints":{"allow":["GET"]}}],"collection":[{"href":"https:\/\/dreamland-charity.com\/en\/wp-json\/wp\/v2\/pages"}],"about":[{"href":"https:\/\/dreamland-charity.com\/en\/wp-json\/wp\/v2\/types\/page"}],"author":[{"embeddable":true,"href":"https:\/\/dreamland-charity.com\/en\/wp-json\/wp\/v2\/users\/1"}],"replies":[{"embeddable":true,"href":"https:\/\/dreamland-charity.com\/en\/wp-json\/wp\/v2\/comments?post=62"}],"version-history":[{"count":31,"href":"https:\/\/dreamland-charity.com\/en\/wp-json\/wp\/v2\/pages\/62\/revisions"}],"predecessor-version":[{"id":1380,"href":"https:\/\/dreamland-charity.com\/en\/wp-json\/wp\/v2\/pages\/62\/revisions\/1380"}],"wp:attachment":[{"href":"https:\/\/dreamland-charity.com\/en\/wp-json\/wp\/v2\/media?parent=62"}],"curies":[{"name":"wp","href":"https:\/\/api.w.org\/{rel}","templated":true}]}}